{"id":1814,"date":"2023-11-26T14:44:54","date_gmt":"2023-11-26T13:44:54","guid":{"rendered":"https:\/\/biomed-center.com\/innovation-campaign-for-mask-testing\/"},"modified":"2024-06-08T16:24:09","modified_gmt":"2024-06-08T14:24:09","slug":"innovation-campaign-for-mask-testing","status":"publish","type":"page","link":"https:\/\/biomed-center.com\/en\/in-vitro-test-forum\/innovation-campaign-for-mask-testing\/","title":{"rendered":"Innovation campaign for mask testing"},"content":{"rendered":"\n<h1>Innovation for safety<\/h1>\n\n<h2 class=\"wp-block-heading\" id=\"endlich-wissen-was-schutzt-25bf5fb5-16e5-4d95-8264-3595d39ff983\">Time to find out what protects &#8211; support our research project<\/h2>\n\n<p>Important for all of us, but especially for safety at work: anyone who is confronted with infected people often and for long periods of time needs to know whether the mask in use provides protection. Perhaps less is more? Can we identify solutions that protect really well but make it easier to breathe? For us, correct testing means using active and human viruses. We are using an innovative virus spray assay to compare different masks and also include the fit on the face in the test.<\/p>\n<p>To achieve this, we need your support through a donation. Any amount helps. In the planning section, we describe in detail what the money will be used for.<\/p>\n\n<h2>Safety at work &#8211; where staying away is not an option<\/h2>\n<p>Masks for virus protection may be superfluous for some and only a brief annoyance for others &#8211; but they are unavoidable for people in professional contact with sick people. But how do those who are supposed to protect protect themselves? This project aims to make not only the private sphere safer, but also occupational safety, with a mask test that reliably tests whether and for how long viruses are kept out by which type of mask &#8211; and on different faces. For all those who are exposed. For anyone who has to wear a mask often and for a long time. For people who are indispensable to society.<\/p>\n<div class=\"kb-gallery-wrap-id-1679_ab0a0a-8a alignnone wp-block-kadence-advancedgallery\"><ul class=\"kb-gallery-ul kb-gallery-non-static kb-gallery-type-grid kb-gallery-id-1679_ab0a0a-8a kb-gallery-caption-style-below kb-gallery-filter-none\" data-image-filter=\"none\" data-item-selector=\".kadence-blocks-gallery-item\" data-lightbox-caption=\"true\" data-columns-xxl=\"3\" data-columns-xl=\"3\" data-columns-md=\"3\" data-columns-sm=\"2\" data-columns-xs=\"1\" data-columns-ss=\"1\"><li class=\"kadence-blocks-gallery-item\"><div class=\"kadence-blocks-gallery-item-inner\"><figure class=\"kb-gallery-figure kadence-blocks-gallery-item-has-caption\"><div class=\"kb-gal-image-radius\"><div class=\"kb-gallery-image-contain kadence-blocks-gallery-intrinsic kb-gallery-image-ratio-land32 kb-has-image-ratio-land32\" ><img loading=\"lazy\" decoding=\"async\" src=\"https:\/\/biomed-center.com\/wp-content\/uploads\/2023\/11\/Corona09.jpg\" width=\"1024\" height=\"1024\" alt=\"Eine Mitarbeiterin am Empfang tr\u00e4gt eine Maske zum Schutz gegen Coronaviren.\" data-full-image=\"https:\/\/biomed-center.com\/wp-content\/uploads\/2023\/11\/Corona09.jpg\" data-light-image=\"https:\/\/biomed-center.com\/wp-content\/uploads\/2023\/11\/Corona09.jpg\" data-id=\"1736\" class=\"wp-image-1736\" srcset=\"https:\/\/biomed-center.com\/wp-content\/uploads\/2023\/11\/Corona09.jpg 1024w, https:\/\/biomed-center.com\/wp-content\/uploads\/2023\/11\/Corona09-300x300.jpg 300w, https:\/\/biomed-center.com\/wp-content\/uploads\/2023\/11\/Corona09-150x150.jpg 150w, https:\/\/biomed-center.com\/wp-content\/uploads\/2023\/11\/Corona09-768x768.jpg 768w, https:\/\/biomed-center.com\/wp-content\/uploads\/2023\/11\/Corona09-500x500.jpg 500w, https:\/\/biomed-center.com\/wp-content\/uploads\/2023\/11\/Corona09-800x800.jpg 800w, https:\/\/biomed-center.com\/wp-content\/uploads\/2023\/11\/Corona09-850x850.jpg 850w\" sizes=\"auto, (max-width: 1024px) 100vw, 1024px\" \/><\/div><\/div><figcaption class=\"kadence-blocks-gallery-item__caption\">Wer \u00f6ffentlich mit potentiellen Infizierten arbeitet&#8230;<\/figcaption><\/figure><\/div><\/li><li class=\"kadence-blocks-gallery-item\"><div class=\"kadence-blocks-gallery-item-inner\"><figure class=\"kb-gallery-figure kadence-blocks-gallery-item-has-caption\"><div class=\"kb-gal-image-radius\"><div class=\"kb-gallery-image-contain kadence-blocks-gallery-intrinsic kb-gallery-image-ratio-land32 kb-has-image-ratio-land32\" ><img loading=\"lazy\" decoding=\"async\" src=\"https:\/\/biomed-center.com\/wp-content\/uploads\/2023\/11\/Corona03.jpg\" width=\"1024\" height=\"1024\" alt=\"Rettungssanit\u00e4ter im Einsatz m\u00fcssen sich auf die Wirksamkeit ihrer Masken verlassen k\u00f6nnen.\" data-full-image=\"https:\/\/biomed-center.com\/wp-content\/uploads\/2023\/11\/Corona03.jpg\" data-light-image=\"https:\/\/biomed-center.com\/wp-content\/uploads\/2023\/11\/Corona03.jpg\" data-id=\"1734\" class=\"wp-image-1734\" srcset=\"https:\/\/biomed-center.com\/wp-content\/uploads\/2023\/11\/Corona03.jpg 1024w, https:\/\/biomed-center.com\/wp-content\/uploads\/2023\/11\/Corona03-300x300.jpg 300w, https:\/\/biomed-center.com\/wp-content\/uploads\/2023\/11\/Corona03-150x150.jpg 150w, https:\/\/biomed-center.com\/wp-content\/uploads\/2023\/11\/Corona03-768x768.jpg 768w, https:\/\/biomed-center.com\/wp-content\/uploads\/2023\/11\/Corona03-500x500.jpg 500w, https:\/\/biomed-center.com\/wp-content\/uploads\/2023\/11\/Corona03-800x800.jpg 800w, https:\/\/biomed-center.com\/wp-content\/uploads\/2023\/11\/Corona03-850x850.jpg 850w\" sizes=\"auto, (max-width: 1024px) 100vw, 1024px\" \/><\/div><\/div><figcaption class=\"kadence-blocks-gallery-item__caption\">&#8230;ist auf die Wirkung seiner Maske angewiesen.<\/figcaption><\/figure><\/div><\/li><li class=\"kadence-blocks-gallery-item\"><div class=\"kadence-blocks-gallery-item-inner\"><figure class=\"kb-gallery-figure kadence-blocks-gallery-item-has-caption\"><div class=\"kb-gal-image-radius\"><div class=\"kb-gallery-image-contain kadence-blocks-gallery-intrinsic kb-gallery-image-ratio-land32 kb-has-image-ratio-land32\" ><img loading=\"lazy\" decoding=\"async\" src=\"https:\/\/biomed-center.com\/wp-content\/uploads\/2023\/11\/Corona11.jpg\" width=\"1024\" height=\"1024\" alt=\"Eine Rettungssanit\u00e4terin hat sich auf der Arbeit mit Corona infiziert und liegt auf der Intensivstation.\" data-full-image=\"https:\/\/biomed-center.com\/wp-content\/uploads\/2023\/11\/Corona11.jpg\" data-light-image=\"https:\/\/biomed-center.com\/wp-content\/uploads\/2023\/11\/Corona11.jpg\" data-id=\"1738\" class=\"wp-image-1738\" srcset=\"https:\/\/biomed-center.com\/wp-content\/uploads\/2023\/11\/Corona11.jpg 1024w, https:\/\/biomed-center.com\/wp-content\/uploads\/2023\/11\/Corona11-300x300.jpg 300w, https:\/\/biomed-center.com\/wp-content\/uploads\/2023\/11\/Corona11-150x150.jpg 150w, https:\/\/biomed-center.com\/wp-content\/uploads\/2023\/11\/Corona11-768x768.jpg 768w, https:\/\/biomed-center.com\/wp-content\/uploads\/2023\/11\/Corona11-500x500.jpg 500w, https:\/\/biomed-center.com\/wp-content\/uploads\/2023\/11\/Corona11-800x800.jpg 800w, https:\/\/biomed-center.com\/wp-content\/uploads\/2023\/11\/Corona11-850x850.jpg 850w\" sizes=\"auto, (max-width: 1024px) 100vw, 1024px\" \/><\/div><\/div><figcaption class=\"kadence-blocks-gallery-item__caption\">Sonst enden die Helfer selber als Patienten.<\/figcaption><\/figure><\/div><\/li><\/ul><\/div>\n<p>With the winter, viruses are back, some people are wearing masks again, sometimes they are mandatory, and those who are exposed professionally are even dependent on them. And we all ask ourselves: does this really protect us? Many have been infected despite wearing a mask, especially in hospitals and care settings. But also: couldn&#8217;t it be a little more comfortable so that you can breathe more easily?<\/p>\n\n<div class=\"wp-block-kadence-image kb-image1679_340e84-a4\"><figure class=\"alignright size-full\"><img loading=\"lazy\" decoding=\"async\" width=\"1024\" height=\"1024\" src=\"https:\/\/biomed-center.com\/wp-content\/uploads\/2023\/11\/planetearthconnected.png\" alt=\"The world is networked and active. We want to keep it that way.\" class=\"kb-img wp-image-1740\" srcset=\"https:\/\/biomed-center.com\/wp-content\/uploads\/2023\/11\/planetearthconnected.png 1024w, https:\/\/biomed-center.com\/wp-content\/uploads\/2023\/11\/planetearthconnected-300x300.png 300w, https:\/\/biomed-center.com\/wp-content\/uploads\/2023\/11\/planetearthconnected-150x150.png 150w, https:\/\/biomed-center.com\/wp-content\/uploads\/2023\/11\/planetearthconnected-768x768.png 768w, https:\/\/biomed-center.com\/wp-content\/uploads\/2023\/11\/planetearthconnected-500x500.png 500w, https:\/\/biomed-center.com\/wp-content\/uploads\/2023\/11\/planetearthconnected-800x800.png 800w, https:\/\/biomed-center.com\/wp-content\/uploads\/2023\/11\/planetearthconnected-850x850.png 850w\" sizes=\"auto, (max-width: 1024px) 100vw, 1024px\" \/><\/figure><\/div>\n\n<p>These questions have not been conclusively answered with the test methods used to date (see section &#8220;State of research&#8221;). <\/p>\n\n<p>In our <a href=\"https:\/\/de.wikipedia.org\/wiki\/Biologische_Schutzstufe\">S2 laboratory<\/a>, we at the BioMed Center conduct research into viruses, bacteria and fungi and methods and materials for rendering them harmless to humans. Numerous innovative approaches and sustainable products have been successfully tested during the coronavirus pandemic.<\/p>\n\n<p>Typical for BioMed Center Innovation, we have developed numerous new approaches, such as the investigation of protective gels with virus antibodies and the spray mist assay with real coronaviruses (but <a href=\"https:\/\/www.rki.de\/DE\/Content\/InfAZ\/N\/Neuartiges_Coronavirus\/Virologische_Basisdaten.html\">HCoV229E<\/a>, a rather harmless species).<\/p>\n\n<div class=\"wp-block-kadence-image kb-image1679_a677bf-57\"><figure class=\"alignright size-full\"><img loading=\"lazy\" decoding=\"async\" width=\"1024\" height=\"768\" src=\"https:\/\/biomed-center.com\/wp-content\/uploads\/2020\/10\/IMG_4774-1024x768.jpg\" alt=\"S2 laboratory for virus testing at the BioMed Center Innovation\" class=\"kb-img wp-image-1288\" srcset=\"https:\/\/biomed-center.com\/wp-content\/uploads\/2020\/10\/IMG_4774-1024x768.jpg 1024w, https:\/\/biomed-center.com\/wp-content\/uploads\/2020\/10\/IMG_4774-300x225.jpg 300w, https:\/\/biomed-center.com\/wp-content\/uploads\/2020\/10\/IMG_4774-768x576.jpg 768w, https:\/\/biomed-center.com\/wp-content\/uploads\/2020\/10\/IMG_4774-500x375.jpg 500w, https:\/\/biomed-center.com\/wp-content\/uploads\/2020\/10\/IMG_4774-800x600.jpg 800w, https:\/\/biomed-center.com\/wp-content\/uploads\/2020\/10\/IMG_4774-1280x960.jpg 1280w, https:\/\/biomed-center.com\/wp-content\/uploads\/2020\/10\/IMG_4774-1920x1440.jpg 1920w, https:\/\/biomed-center.com\/wp-content\/uploads\/2020\/10\/IMG_4774-1536x1152.jpg 1536w, https:\/\/biomed-center.com\/wp-content\/uploads\/2020\/10\/IMG_4774-2048x1536.jpg 2048w\" sizes=\"auto, (max-width: 1024px) 100vw, 1024px\" \/><\/figure><\/div>\n\n<p>Together with the company <a href=\"https:\/\/www.tool-partner.com\/\">Tool Partner<\/a> and the Institute of Materials and Processes at <a href=\"http:\/\/www.h-ka.de\/\">Karlsruhe University of Applied Sciences<\/a>, a method was developed to finally test the permeability of mask materials with real coronaviruses. This is <strong><em>unique worldwide:<\/em><\/strong> Until now, masks are tested with particles, droplets and in the best case with <a href=\"https:\/\/www.bfr.bund.de\/de\/fragen_und_antworten_zu_bakteriophagen-242975.html#:~:text=Bakteriophagen%20(Phagen)%20sind%20Viren%2C,B.\">bacteriophages<\/a> &#8211; we believe that this is not an adequate substitute for human pathogenic viruses.<\/p>\n\n<p><\/p>\n\n<div class=\"wp-block-advgb-video advgb-video-block full-width\" data-video=\"https:\/\/biomed-center.com\/wp-content\/uploads\/2023\/11\/VirusSprayAssay01.mp4\" data-source=\"local\" data-video-attr=\"controls,playsinline\" data-video-preload=\"metadata\"><div class=\"advgb-video-wrapper full-width no-lightbox\"><video class=\"full-width\" height=\"450\" controls preload=\"metadata\" playsinline><source src=\"https:\/\/biomed-center.com\/wp-content\/uploads\/2023\/11\/VirusSprayAssay01.mp4\"\/>Your browser does not support HTML5 video.<\/video><\/div><\/div>\n<style class=\"advgb-styles-renderer\">.wp-block-kadence-advancedgallery .kb-gallery-type-grid.kb-gallery-id-1679_ab0a0a-8a{margin:-5px;}.kb-gallery-type-grid.kb-gallery-id-1679_ab0a0a-8a .kadence-blocks-gallery-item{padding:5px;}.kb-gallery-id-1679_ab0a0a-8a .kadence-blocks-gallery-item .kb-gal-image-radius, .kb-gallery-id-1679_ab0a0a-8a .kb-slide-item .kb-gal-image-radius img{border-radius:0px 0px 0px 0px;;}.kb-gallery-id-1679_ab0a0a-8a .kadence-blocks-gallery-item .kadence-blocks-gallery-item-inner .kadence-blocks-gallery-item__caption{font-size:var(--global-kb-font-size-sm, 0.9rem);font-weight:400;color:#000000;}.kb-gallery-caption-style-cover-hover.kb-gallery-id-1679_ab0a0a-8a .kadence-blocks-gallery-item .kadence-blocks-gallery-item-inner .kadence-blocks-gallery-item__caption, .kb-gallery-caption-style-below.kb-gallery-id-1679_ab0a0a-8a .kadence-blocks-gallery-item .kadence-blocks-gallery-item-inner .kadence-blocks-gallery-item__caption{background:#ffffff;}.kb-image1679_340e84-a4.kb-image-is-ratio-size, .kb-image1679_340e84-a4 .kb-image-is-ratio-size{max-width:327px;width:100%;}.wp-block-kadence-column > .kt-inside-inner-col > .kb-image1679_340e84-a4.kb-image-is-ratio-size, .wp-block-kadence-column > .kt-inside-inner-col > .kb-image1679_340e84-a4 .kb-image-is-ratio-size{align-self:unset;}.kb-image1679_340e84-a4 figure{max-width:327px;}.kb-image1679_340e84-a4 .image-is-svg, .kb-image1679_340e84-a4 .image-is-svg img{width:100%;}.kb-image1679_340e84-a4 .kb-image-has-overlay:after{opacity:0.3;}.kb-image1679_a677bf-57.kb-image-is-ratio-size, .kb-image1679_a677bf-57 .kb-image-is-ratio-size{max-width:327px;width:100%;}.wp-block-kadence-column > .kt-inside-inner-col > .kb-image1679_a677bf-57.kb-image-is-ratio-size, .wp-block-kadence-column > .kt-inside-inner-col > .kb-image1679_a677bf-57 .kb-image-is-ratio-size{align-self:unset;}.kb-image1679_a677bf-57 figure{max-width:327px;}.kb-image1679_a677bf-57 .image-is-svg, .kb-image1679_a677bf-57 .image-is-svg img{width:100%;}.kb-image1679_a677bf-57 .kb-image-has-overlay:after{opacity:0.3;}<\/style>","protected":false},"excerpt":{"rendered":"<p>Innovation for safety Time to find out what protects &#8211; support our research project Important for all of us, but especially for safety at work: anyone who is confronted with infected people often and for long periods of time needs to know whether the mask in use provides protection. Perhaps less is more? Can we&#8230;<\/p>\n","protected":false},"author":1,"featured_media":0,"parent":1884,"menu_order":0,"comment_status":"closed","ping_status":"closed","template":"","meta":{"advgb_blocks_editor_width":"","advgb_blocks_columns_visual_guide":"","_vp_format_video_url":"","_vp_image_focal_point":[],"footnotes":""},"class_list":["post-1814","page","type-page","status-publish","hentry"],"yoast_head":"<!-- This site is optimized with the Yoast SEO plugin v26.0 - https:\/\/yoast.com\/wordpress\/plugins\/seo\/ -->\n<title>Innovation campaign for mask testing - BioMed Center Innovation<\/title>\n<meta name=\"description\" content=\"Initiative to test masks with real coronaviruses in our special laboratory - time to find out what really protects. Support us now.\" \/>\n<meta name=\"robots\" content=\"index, follow, max-snippet:-1, max-image-preview:large, max-video-preview:-1\" \/>\n<link rel=\"canonical\" href=\"https:\/\/biomed-center.com\/en\/in-vitro-test-forum\/innovation-campaign-for-mask-testing\/\" \/>\n<meta property=\"og:locale\" content=\"en_US\" \/>\n<meta property=\"og:type\" content=\"article\" \/>\n<meta property=\"og:title\" content=\"Innovation campaign for mask testing - BioMed Center Innovation\" \/>\n<meta property=\"og:description\" content=\"Initiative to test masks with real coronaviruses in our special laboratory - time to find out what really protects. Support us now.\" \/>\n<meta property=\"og:url\" content=\"https:\/\/biomed-center.com\/en\/in-vitro-test-forum\/innovation-campaign-for-mask-testing\/\" \/>\n<meta property=\"og:site_name\" content=\"BioMed Center Innovation\" \/>\n<meta property=\"article:publisher\" content=\"https:\/\/www.facebook.com\/Biomed-Center-Innovation-gem-Gmbh-115780131933510\/\" \/>\n<meta property=\"article:modified_time\" content=\"2024-06-08T14:24:09+00:00\" \/>\n<meta property=\"og:image\" content=\"https:\/\/biomed-center.com\/wp-content\/uploads\/2023\/11\/planetearthconnected.png\" \/>\n<meta name=\"twitter:card\" content=\"summary_large_image\" \/>\n<meta name=\"twitter:label1\" content=\"Est. reading time\" \/>\n\t<meta name=\"twitter:data1\" content=\"2 minutes\" \/>\n<script type=\"application\/ld+json\" class=\"yoast-schema-graph\">{\"@context\":\"https:\/\/schema.org\",\"@graph\":[{\"@type\":\"WebPage\",\"@id\":\"https:\/\/biomed-center.com\/en\/in-vitro-test-forum\/innovation-campaign-for-mask-testing\/\",\"url\":\"https:\/\/biomed-center.com\/en\/in-vitro-test-forum\/innovation-campaign-for-mask-testing\/\",\"name\":\"Innovation campaign for mask testing - BioMed Center Innovation\",\"isPartOf\":{\"@id\":\"https:\/\/biomed-center.com\/en\/#website\"},\"primaryImageOfPage\":{\"@id\":\"https:\/\/biomed-center.com\/en\/in-vitro-test-forum\/innovation-campaign-for-mask-testing\/#primaryimage\"},\"image\":{\"@id\":\"https:\/\/biomed-center.com\/en\/in-vitro-test-forum\/innovation-campaign-for-mask-testing\/#primaryimage\"},\"thumbnailUrl\":\"https:\/\/biomed-center.com\/wp-content\/uploads\/2023\/11\/planetearthconnected.png\",\"datePublished\":\"2023-11-26T13:44:54+00:00\",\"dateModified\":\"2024-06-08T14:24:09+00:00\",\"description\":\"Initiative to test masks with real coronaviruses in our special laboratory - time to find out what really protects. Support us now.\",\"breadcrumb\":{\"@id\":\"https:\/\/biomed-center.com\/en\/in-vitro-test-forum\/innovation-campaign-for-mask-testing\/#breadcrumb\"},\"inLanguage\":\"en-US\",\"potentialAction\":[{\"@type\":\"ReadAction\",\"target\":[\"https:\/\/biomed-center.com\/en\/in-vitro-test-forum\/innovation-campaign-for-mask-testing\/\"]}]},{\"@type\":\"ImageObject\",\"inLanguage\":\"en-US\",\"@id\":\"https:\/\/biomed-center.com\/en\/in-vitro-test-forum\/innovation-campaign-for-mask-testing\/#primaryimage\",\"url\":\"https:\/\/biomed-center.com\/wp-content\/uploads\/2023\/11\/planetearthconnected.png\",\"contentUrl\":\"https:\/\/biomed-center.com\/wp-content\/uploads\/2023\/11\/planetearthconnected.png\"},{\"@type\":\"BreadcrumbList\",\"@id\":\"https:\/\/biomed-center.com\/en\/in-vitro-test-forum\/innovation-campaign-for-mask-testing\/#breadcrumb\",\"itemListElement\":[{\"@type\":\"ListItem\",\"position\":1,\"name\":\"Startseite\",\"item\":\"https:\/\/biomed-center.com\/en\/\"},{\"@type\":\"ListItem\",\"position\":2,\"name\":\"Innovation campaign for mask testing\"}]},{\"@type\":\"WebSite\",\"@id\":\"https:\/\/biomed-center.com\/en\/#website\",\"url\":\"https:\/\/biomed-center.com\/en\/\",\"name\":\"BioMed Center Innovation\",\"description\":\"We research for your health\",\"publisher\":{\"@id\":\"https:\/\/biomed-center.com\/en\/#organization\"},\"potentialAction\":[{\"@type\":\"SearchAction\",\"target\":{\"@type\":\"EntryPoint\",\"urlTemplate\":\"https:\/\/biomed-center.com\/en\/?s={search_term_string}\"},\"query-input\":{\"@type\":\"PropertyValueSpecification\",\"valueRequired\":true,\"valueName\":\"search_term_string\"}}],\"inLanguage\":\"en-US\"},{\"@type\":\"Organization\",\"@id\":\"https:\/\/biomed-center.com\/en\/#organization\",\"name\":\"BioMed Center Innovation gGmbH\",\"url\":\"https:\/\/biomed-center.com\/en\/\",\"logo\":{\"@type\":\"ImageObject\",\"inLanguage\":\"en-US\",\"@id\":\"https:\/\/biomed-center.com\/en\/#\/schema\/logo\/image\/\",\"url\":\"https:\/\/i2.wp.com\/biomed-center.com\/wp-content\/uploads\/2020\/10\/BioMed_Center_Innovation_Logo.png?fit=697%2C327&ssl=1\",\"contentUrl\":\"https:\/\/i2.wp.com\/biomed-center.com\/wp-content\/uploads\/2020\/10\/BioMed_Center_Innovation_Logo.png?fit=697%2C327&ssl=1\",\"width\":697,\"height\":327,\"caption\":\"BioMed Center Innovation gGmbH\"},\"image\":{\"@id\":\"https:\/\/biomed-center.com\/en\/#\/schema\/logo\/image\/\"},\"sameAs\":[\"https:\/\/www.facebook.com\/Biomed-Center-Innovation-gem-Gmbh-115780131933510\/\",\"https:\/\/www.instagram.com\/biomed_center_innovation\/\",\"https:\/\/www.youtube.com\/user\/FBBioMedCenter\"]}]}<\/script>\n<!-- \/ Yoast SEO plugin. -->","yoast_head_json":{"title":"Innovation campaign for mask testing - BioMed Center Innovation","description":"Initiative to test masks with real coronaviruses in our special laboratory - time to find out what really protects. Support us now.","robots":{"index":"index","follow":"follow","max-snippet":"max-snippet:-1","max-image-preview":"max-image-preview:large","max-video-preview":"max-video-preview:-1"},"canonical":"https:\/\/biomed-center.com\/en\/in-vitro-test-forum\/innovation-campaign-for-mask-testing\/","og_locale":"en_US","og_type":"article","og_title":"Innovation campaign for mask testing - BioMed Center Innovation","og_description":"Initiative to test masks with real coronaviruses in our special laboratory - time to find out what really protects. Support us now.","og_url":"https:\/\/biomed-center.com\/en\/in-vitro-test-forum\/innovation-campaign-for-mask-testing\/","og_site_name":"BioMed Center Innovation","article_publisher":"https:\/\/www.facebook.com\/Biomed-Center-Innovation-gem-Gmbh-115780131933510\/","article_modified_time":"2024-06-08T14:24:09+00:00","og_image":[{"url":"https:\/\/biomed-center.com\/wp-content\/uploads\/2023\/11\/planetearthconnected.png","type":"","width":"","height":""}],"twitter_card":"summary_large_image","twitter_misc":{"Est. reading time":"2 minutes"},"schema":{"@context":"https:\/\/schema.org","@graph":[{"@type":"WebPage","@id":"https:\/\/biomed-center.com\/en\/in-vitro-test-forum\/innovation-campaign-for-mask-testing\/","url":"https:\/\/biomed-center.com\/en\/in-vitro-test-forum\/innovation-campaign-for-mask-testing\/","name":"Innovation campaign for mask testing - BioMed Center Innovation","isPartOf":{"@id":"https:\/\/biomed-center.com\/en\/#website"},"primaryImageOfPage":{"@id":"https:\/\/biomed-center.com\/en\/in-vitro-test-forum\/innovation-campaign-for-mask-testing\/#primaryimage"},"image":{"@id":"https:\/\/biomed-center.com\/en\/in-vitro-test-forum\/innovation-campaign-for-mask-testing\/#primaryimage"},"thumbnailUrl":"https:\/\/biomed-center.com\/wp-content\/uploads\/2023\/11\/planetearthconnected.png","datePublished":"2023-11-26T13:44:54+00:00","dateModified":"2024-06-08T14:24:09+00:00","description":"Initiative to test masks with real coronaviruses in our special laboratory - time to find out what really protects. Support us now.","breadcrumb":{"@id":"https:\/\/biomed-center.com\/en\/in-vitro-test-forum\/innovation-campaign-for-mask-testing\/#breadcrumb"},"inLanguage":"en-US","potentialAction":[{"@type":"ReadAction","target":["https:\/\/biomed-center.com\/en\/in-vitro-test-forum\/innovation-campaign-for-mask-testing\/"]}]},{"@type":"ImageObject","inLanguage":"en-US","@id":"https:\/\/biomed-center.com\/en\/in-vitro-test-forum\/innovation-campaign-for-mask-testing\/#primaryimage","url":"https:\/\/biomed-center.com\/wp-content\/uploads\/2023\/11\/planetearthconnected.png","contentUrl":"https:\/\/biomed-center.com\/wp-content\/uploads\/2023\/11\/planetearthconnected.png"},{"@type":"BreadcrumbList","@id":"https:\/\/biomed-center.com\/en\/in-vitro-test-forum\/innovation-campaign-for-mask-testing\/#breadcrumb","itemListElement":[{"@type":"ListItem","position":1,"name":"Startseite","item":"https:\/\/biomed-center.com\/en\/"},{"@type":"ListItem","position":2,"name":"Innovation campaign for mask testing"}]},{"@type":"WebSite","@id":"https:\/\/biomed-center.com\/en\/#website","url":"https:\/\/biomed-center.com\/en\/","name":"BioMed Center Innovation","description":"We research for your health","publisher":{"@id":"https:\/\/biomed-center.com\/en\/#organization"},"potentialAction":[{"@type":"SearchAction","target":{"@type":"EntryPoint","urlTemplate":"https:\/\/biomed-center.com\/en\/?s={search_term_string}"},"query-input":{"@type":"PropertyValueSpecification","valueRequired":true,"valueName":"search_term_string"}}],"inLanguage":"en-US"},{"@type":"Organization","@id":"https:\/\/biomed-center.com\/en\/#organization","name":"BioMed Center Innovation gGmbH","url":"https:\/\/biomed-center.com\/en\/","logo":{"@type":"ImageObject","inLanguage":"en-US","@id":"https:\/\/biomed-center.com\/en\/#\/schema\/logo\/image\/","url":"https:\/\/i2.wp.com\/biomed-center.com\/wp-content\/uploads\/2020\/10\/BioMed_Center_Innovation_Logo.png?fit=697%2C327&ssl=1","contentUrl":"https:\/\/i2.wp.com\/biomed-center.com\/wp-content\/uploads\/2020\/10\/BioMed_Center_Innovation_Logo.png?fit=697%2C327&ssl=1","width":697,"height":327,"caption":"BioMed Center Innovation gGmbH"},"image":{"@id":"https:\/\/biomed-center.com\/en\/#\/schema\/logo\/image\/"},"sameAs":["https:\/\/www.facebook.com\/Biomed-Center-Innovation-gem-Gmbh-115780131933510\/","https:\/\/www.instagram.com\/biomed_center_innovation\/","https:\/\/www.youtube.com\/user\/FBBioMedCenter"]}]}},"coauthors":[],"author_meta":{"author_link":"https:\/\/biomed-center.com\/en\/author\/biomed-88-wpadmin\/","display_name":"BioMed-WPAdmin"},"relative_dates":{"created":"Posted 2 years ago","modified":"Updated 2 years ago"},"absolute_dates":{"created":"Posted on 26.11.2023","modified":"Updated on 08.06.2024"},"absolute_dates_time":{"created":"Posted on 26.11.2023 14:44","modified":"Updated on 08.06.2024 16:24"},"featured_img_caption":"","featured_img":false,"series_order":"","_links":{"self":[{"href":"https:\/\/biomed-center.com\/en\/wp-json\/wp\/v2\/pages\/1814","targetHints":{"allow":["GET"]}}],"collection":[{"href":"https:\/\/biomed-center.com\/en\/wp-json\/wp\/v2\/pages"}],"about":[{"href":"https:\/\/biomed-center.com\/en\/wp-json\/wp\/v2\/types\/page"}],"author":[{"embeddable":true,"href":"https:\/\/biomed-center.com\/en\/wp-json\/wp\/v2\/users\/1"}],"replies":[{"embeddable":true,"href":"https:\/\/biomed-center.com\/en\/wp-json\/wp\/v2\/comments?post=1814"}],"version-history":[{"count":1,"href":"https:\/\/biomed-center.com\/en\/wp-json\/wp\/v2\/pages\/1814\/revisions"}],"predecessor-version":[{"id":1815,"href":"https:\/\/biomed-center.com\/en\/wp-json\/wp\/v2\/pages\/1814\/revisions\/1815"}],"up":[{"embeddable":true,"href":"https:\/\/biomed-center.com\/en\/wp-json\/wp\/v2\/pages\/1884"}],"wp:attachment":[{"href":"https:\/\/biomed-center.com\/en\/wp-json\/wp\/v2\/media?parent=1814"}],"curies":[{"name":"wp","href":"https:\/\/api.w.org\/{rel}","templated":true}]}}