{"id":1868,"date":"2024-01-13T17:44:55","date_gmt":"2024-01-13T16:44:55","guid":{"rendered":"https:\/\/biomed-center.com\/research\/publikations\/"},"modified":"2024-01-13T23:49:52","modified_gmt":"2024-01-13T22:49:52","slug":"publikations","status":"publish","type":"page","link":"https:\/\/biomed-center.com\/en\/research\/publikations\/","title":{"rendered":"Publikations"},"content":{"rendered":"\n<div class=\"wp-block-group alignfull\"><div class=\"wp-block-group__inner-container is-layout-flow wp-block-group-is-layout-flow\">\n<p><\/p>\n\n\n\n\n\n<div class=\"wp-block-group alignfull author-introduction-pattern\" style=\"margin-top:0;margin-bottom:0;padding-top:var(--wp--preset--spacing--superbspacing-xxlarge);padding-right:var(--wp--preset--spacing--superbspacing-small);padding-bottom:var(--wp--preset--spacing--superbspacing-xxlarge);padding-left:var(--wp--preset--spacing--superbspacing-small)\"><div class=\"wp-block-group__inner-container is-layout-constrained wp-container-core-group-is-layout-93f2ba14 wp-block-group-is-layout-constrained\">\n<h2 class=\"wp-block-heading has-superbfont-large-font-size\" style=\"margin-bottom:20px\">Scientific publications<\/h2>\n\n\n\n<h3>Peer-reviewed articles in scientific journals<\/h3>\n\n\n\n<div class=\"wp-block-group\"><div class=\"wp-block-group__inner-container is-layout-constrained wp-block-group-is-layout-constrained\">\n<ul class=\"has-superbfont-small-font-size wp-block-list\">\n<li style=\"font-size:16px\">Ren B, Betz OB, Seitz D, Thirion C, Salomon M, Jansson V, M\u00fcller PE, Betz VM. <strong>Osteogenic Differentiation of Human Adipose-Derived Stem Cells Seeded on a Biomimetic Spongiosa-like Scaffold: Bone Morphogenetic Protein-2 Delivery by Overexpressing Fascia.<\/strong> Int J Mol Sci. 2022 Feb 28;23(5):2712. doi: 10.3390\/ijms23052712. PMID: 35269855; PMCID: PMC8911081. <br\/><a href=\"https:\/\/www.researchgate.net\/publication\/358941304_Osteogenic_Differentiation_of_Human_Adipose-Derived_Stem_Cells_Seeded_on_a_Biomimetic_Spongiosa-like_Scaffold_Bone_Morphogenetic_Protein-2_Delivery_by_Overexpressing_Fascia\" target=\"_blank\" rel=\"noreferrer noopener\">&gt;&gt;&gt;Open Fulltext<\/a><\/li>\n\n\n\n<li style=\"font-size:16px\">Blendinger F, Seitz D, Ottenschl\u00e4ger A, Fleischer M, Bucher V. <strong>Atomic Layer Deposition of Bioactive TiO<sub>2<\/sub> Thin Films on Polyetheretherketone for Orthopedic Implants.<\/strong> ACS Appl Mater Interfaces. 2021 Jan 27;13(3):3536-3546. doi: 10.1021\/acsami.0c17990. Epub 2021 Jan 13. PMID: 33438388.<br\/><a href=\"https:\/\/www.researchgate.net\/publication\/348510039_Atomic_Layer_Deposition_of_Bioactive_TiO_2_Thin_Films_on_Polyetheretherketone_for_Orthopedic_Implants\" target=\"_blank\" rel=\"noreferrer noopener\">&gt;&gt;&gt;Open Fulltext<\/a><\/li>\n\n\n\n<li style=\"font-size:16px\">Hofmann, Reiner ; Seitz, Daniel:<br\/><strong>Personalisierte 3D-gedruckte Medizinprodukte : Prozessbezogene L\u00f6sungsans\u00e4tze zur Sicherung der Qualit\u00e4t als Grundlage einer Zertifizierung.<\/strong><br\/><em>In:<\/em> Stoebel, Jasmina ; Rebscher, Herbert ; Hofmann, Reiner (Hrsg.): Digitalisierungsprozesse, Prozessdigitalisierung. &#8211; Heidelberg : medhochzwei , 2020 . &#8211; S. 153-169 . &#8211; (Gesundheits\u00f6konomie f\u00fcr die Versorgungspraxis : Gesundheit und Pflege ; 3 )<br\/>ISBN 978-3-86216-631-2<br\/><a href=\"https:\/\/www.medhochzwei-verlag.de\/Shop\/ProduktDetail\/digitalisierungsprozesse-prozessdigitalisierung978-3-86216-631-2\" target=\"_blank\" rel=\"noreferrer noopener\">&gt;&gt;&gt;Link zum Buch<\/a><\/li>\n\n\n\n<li style=\"font-size:16px\">Huang Y, Seitz D, Chevalier Y, M\u00fcller PE, Jansson V, Klar RM. <strong>Synergistic interaction of hTGF-\u03b2<sub>3<\/sub> with hBMP-6 promotes articular cartilage formation in chitosan scaffolds with hADSCs: implications for regenerative medicine.<\/strong> BMC Biotechnol. 2020 Aug 27;20(1):48. doi: 10.1186\/s12896-020-00641-y. PMID: 32854680; PMCID: PMC7457281.<br\/><a href=\"https:\/\/www.researchgate.net\/publication\/343924561_Synergistic_interaction_of_hTGF-b3with_hBMP-6_promotes_articular_cartilage_formation_in_chitosan_scaffolds_with_hADSCs_Implications_for_regenerative_medicine\" target=\"_blank\" rel=\"noreferrer noopener\">&gt;&gt;&gt;Open Fulltext<\/a><\/li>\n\n\n\n<li style=\"font-size:16px\">Huang Y, Seitz D, K\u00f6nig F, M\u00fcller PE, Jansson V, Klar RM. <strong>Induction of Articular Chondrogenesis by Chitosan\/Hyaluronic-Acid-Based Biomimetic Matrices Using Human Adipose-Derived Stem Cells.<\/strong> Int J Mol Sci. 2019 Sep 11;20(18):4487. doi: 10.3390\/ijms20184487. PMID: 31514329; PMCID: PMC6770472.<br\/><a href=\"https:\/\/www.researchgate.net\/publication\/335741139_Induction_of_Articular_Chondrogenesis_by_ChitosanHyaluronic-Acid-Based_Biomimetic_Matrices_Using_Human_Adipose-Derived_Stem_Cells\" target=\"_blank\" rel=\"noreferrer noopener\">&gt;&gt;&gt;Open Fulltext<\/a><\/li>\n\n\n\n<li style=\"font-size:16px\">Pizzolatti ALA, Gaudig F, Seitz D, Roesler CRM, Salmoria GV. <strong>Glucosamine Hydrochloride and <em>N<\/em>-Acetylglucosamine Influence the Response of Bovine Chondrocytes to TGF-\u03b23 and IGF in Monolayer and Three-Dimensional Tissue Culture.<\/strong>Tissue Eng Regen Med. 2018 Aug 30;15(6):781-791. doi: 10.1007\/s13770-018-0150-x. PMID: 30603596; PMCID: PMC6250651.<br\/><a href=\"https:\/\/www.researchgate.net\/publication\/327322485_Glucosamine_Hydrochloride_and_N-Acetylglucosamine_Influence_the_Response_of_Bovine_Chondrocytes_to_TGF-b3_and_IGF_in_Monolayer_and_Three-Dimensional_Tissue_Culture\" target=\"_blank\" rel=\"noreferrer noopener\">&gt;&gt;&gt;Open Fulltext<\/a><\/li>\n\n\n\n<li style=\"font-size:16px\">Welzel G, Seitz D, Schuster S. <strong>Magnetic-activated cell sorting (MACS) can be used as a large-scale method for establishing zebrafish neuronal cell cultures.<\/strong> Sci Rep. 2015 Jan 22;5:7959. doi: 10.1038\/srep07959. PMID: 25609542; PMCID: PMC4302367.<br\/><a href=\"https:\/\/www.researchgate.net\/publication\/271332034_Magnetic-activated_cell_sorting_MACS_can_be_used_as_a_large-scale_method_for_establishing_zebrafish_neuronal_cell_cultures\" target=\"_blank\" rel=\"noreferrer noopener\">&gt;&gt;&gt;Open Fulltext<\/a><span><a href=\"javascript:\"><\/a><\/span><\/li>\n<\/ul>\n<\/div><\/div><\/div>\n\n\n\n<h3>Relevant publications from the preceeding institute &#8220;Friedrich-Baur-Institut f\u00fcr Biomaterialien&#8221; and other external publications that use our materials<\/h3>\n\n\n\n<ul class=\"wp-block-list\">\n<li style=\"font-size:16px\">Naujokat H, Loger K, Schulz J, A\u00e7il Y, Wiltfang J. <strong>Bone tissue engineering in the greater omentum with computer-aided design\/computer-aided manufacturing scaffolds is enhanced by a periosteum transplant.<\/strong> Regen Med. 2020 Nov;15(11):2297-2309. doi: 10.2217\/rme-2020-0115. Epub 2020 Dec 23. PMID: 33355523.<br\/>***using our RePore 3D bone substitute material***<br\/><a href=\"https:\/\/www.futuremedicine.com\/doi\/full\/10.2217\/rme-2020-0115\">&gt;&gt;&gt;Link to Journal<\/a><\/li>\n\n\n\n<li style=\"font-size:16px\">Naujokat H, A\u00e7il Y, Harder S, Lipp M, B\u00f6hrnsen F, Wiltfang J. <strong>Osseointegration of dental implants in ectopic engineered bone in three different scaffold materials.<\/strong> Int J Oral Maxillofac Surg. 2020 Jan;49(1):135-142. doi: 10.1016\/j.ijom.2019.04.005. Epub 2019 May 1. PMID: 31053519.<br\/>***using our RePore 3D bone substitute material***<br\/><a href=\"https:\/\/www.ijoms.com\/article\/S0901-5027(19)31085-9\/fulltext\" target=\"_blank\" rel=\"noreferrer noopener\">&gt;&gt;&gt;Link to Journal<\/a><\/li>\n\n\n\n<li style=\"font-size:16px\">Rold\u00e1n JC, Kl\u00fcnter T, Schulz P, Deisinger U, Diez C, Waiss W, Kirschneck C, Reichert TE, Detsch R.<strong> Bone Morphogenetic Protein-7 Enhances Degradation of Osteoinductive Bioceramic Implants in an Ectopic Model.<\/strong> Plast Reconstr Surg Glob Open. 2017 Jun 22;5(6):e1375. doi: 10.1097\/GOX.0000000000001375. PMID: 28740783; PMCID: PMC5505844.<br\/><a href=\"https:\/\/www.ncbi.nlm.nih.gov\/pmc\/articles\/PMC5505844\/\" target=\"_blank\" rel=\"noreferrer noopener\">&gt;&gt;&gt;Open Fulltext<\/a><\/li>\n\n\n\n<li style=\"font-size:16px\">Rold\u00e1n JC, Schulz P, Kl\u00fcnter T, Deisinger U, Diez C, Waiss W, Kirschneck C, Reichert TE, Detsch R. <strong>BMP-7 Preserves Surface Integrity of Degradable-ceramic Cranioplasty in a G\u00f6ttingen Minipig Model.<\/strong> Plast Reconstr Surg Glob Open. 2017 Mar 16;5(3):e1255. doi: 10.1097\/GOX.0000000000001255. PMID: 28458969; PMCID: PMC5404440.<br\/><a href=\"https:\/\/www.ncbi.nlm.nih.gov\/pmc\/articles\/PMC5404440\/\" target=\"_blank\" rel=\"noreferrer noopener\">&gt;&gt;&gt;Open Fulltext<\/a><\/li>\n\n\n\n<li style=\"font-size:16px\">Ghanaati S, Barbeck M, Detsch R, Deisinger U, Hilbig U, Rausch V, Sader R, Unger RE, Ziegler G, Kirkpatrick CJ. <strong>The chemical composition of synthetic bone substitutes influences tissue reactions in vivo: histological and histomorphometrical analysis of the cellular inflammatory response to hydroxyapatite, beta-tricalcium phosphate and biphasic calcium phosphate ceramics. <\/strong>Biomed Mater. 2012 Feb;7(1):015005. doi: 10.1088\/1748-6041\/7\/1\/015005. Epub 2012 Jan 27. PMID: 22287541.<br\/><a href=\"https:\/\/iopscience.iop.org\/article\/10.1088\/1748-6041\/7\/1\/015005\" target=\"_blank\" rel=\"noreferrer noopener\">&gt;&gt;&gt;Link to Journal<\/a><\/li>\n\n\n\n<li style=\"font-size:16px\">Detsch R, Schaefer S, Deisinger U, Ziegler G, Seitz H, Leukers B. <strong>In vitro: osteoclastic activity studies on surfaces of 3D printed calcium phosphate scaffolds.<\/strong> J Biomater Appl. 2011 Sep;26(3):359-80. doi: 10.1177\/0885328210373285. Epub 2010 Jul 21. PMID: 20659962.<br\/><a href=\"https:\/\/journals.sagepub.com\/doi\/10.1177\/0885328210373285?url_ver=Z39.88-2003&amp;rfr_id=ori:rid:crossref.org&amp;rfr_dat=cr_pub%20%200pubmed\" target=\"_blank\" rel=\"noreferrer noopener\">&gt;&gt;&gt;Link to Journal<\/a><\/li>\n\n\n\n<li style=\"font-size:16px\">Rold\u00e1n JC, Detsch R, Schaefer S, Chang E, Kelantan M, Waiss W, Reichert TE, Gurtner GC, Deisinger U. <strong>Bone formation and degradation of a highly porous biphasic calcium phosphate ceramic in presence of BMP-7, VEGF and mesenchymal stem cells in an ectopic mouse model.<\/strong> J Craniomaxillofac Surg. 2010 Sep;38(6):423-30. doi: 10.1016\/j.jcms.2010.01.003. Epub 2010 Mar 1. PMID: 20189819.<br\/><a href=\"https:\/\/www.sciencedirect.com\/science\/article\/abs\/pii\/S1010518210000156?via%3Dihub\" target=\"_blank\" rel=\"noreferrer noopener\">&gt;&gt;&gt;Link to Journal<\/a><\/li>\n\n\n\n<li style=\"font-size:16px\">Schumacher M, Deisinger U, Detsch R, Ziegler G. <strong>Indirect rapid prototyping of biphasic calcium phosphate scaffolds as bone substitutes: influence of phase composition, macroporosity and pore geometry on mechanical properties.<\/strong> J Mater Sci Mater Med. 2010 Dec;21(12):3119-27. doi: 10.1007\/s10856-010-4166-6. Epub 2010 Oct 15. PMID: 20953674.<br\/><a href=\"https:\/\/link.springer.com\/article\/10.1007\/s10856-010-4166-6\" target=\"_blank\" rel=\"noreferrer noopener\">&gt;&gt;&gt;Link to Journal<\/a><\/li>\n\n\n\n<li style=\"font-size:16px\">Schumacher M, Uhl F, Detsch R, Deisinger U, Ziegler G. <strong>Static and dynamic cultivation of bone marrow stromal cells on biphasic calcium phosphate scaffolds derived from an indirect rapid prototyping technique.<\/strong> J Mater Sci Mater Med. 2010 Nov;21(11):3039-48. doi: 10.1007\/s10856-010-4153-y. Epub 2010 Sep 21. PMID: 20857322.<br\/><a href=\"https:\/\/link.springer.com\/article\/10.1007\/s10856-010-4153-y\" target=\"_blank\" rel=\"noreferrer noopener\">&gt;&gt;&gt;Link to Journal<\/a><\/li>\n\n\n\n<li style=\"font-size:16px\">Hoffmann B, Seitz D, Mencke A, Kokott A, Ziegler G. <strong>Glutaraldehyde and oxidised dextran as crosslinker reagents for chitosan-based scaffolds for cartilage tissue engineering.<\/strong> J Mater Sci Mater Med. 2009 Jul;20(7):1495-503. doi: 10.1007\/s10856-009-3707-3. Epub 2009 Mar 4. PMID: 19259790.<br\/><a href=\"https:\/\/www.researchgate.net\/publication\/24175912_Glutaraldehyde_and_oxidised_dextran_as_crosslinker_reagents_for_chitosan-based_scaffolds_for_cartilage_tissue_engineering\" target=\"_blank\" rel=\"noreferrer noopener\">&gt;&gt;&gt;Open Fulltext<\/a><\/li>\n\n\n\n<li style=\"font-size:16px\"><span style=\"color: rgb(31, 31, 31); font-family: \" open=\"\" sans=\"\" sans-serif=\"\" white-space-collapse:=\"\" collapse=\"\">Detsch R, Mayr H, Seitz D, Ziegler G. <strong>Is Hydroxyapatite Ceramic Included in the Bone Remodelling Proccess? An In Vitro Study of Resorption and Formation Processes. <\/strong>KEM 2007;361\u2013363:1123\u20136. https:\/\/doi.org\/10.4028\/www.scientific.net\/kem.361-363.1123.<\/span><\/li>\n<\/ul>\n\n\n\n<h3>Patents<\/h3>\n<p><\/p>\n\n\n\n<ul class=\"wp-block-list\">\n<li style=\"font-size:16px\">DE 10 2019 005 401 A1 Seitz, Marlene Elvira; Dittert, Bernd; Seitz, Daniel: F\u00fcllmaterial zur Schlie\u00dfung von Kavit\u00e4ten und Kan\u00e4len in biologischem Hartgewebe<\/li>\n\n\n\n<li style=\"font-size:16px\">US 000008921093 B2 Gerlach, Frank; Herrmann, Sigrun; Mayr, Helmar; Seitz, Daniel; Vonau, Winfried; Ziegler, G\u00fcnter: Arrangement For On-Line Measurements on Cells<br\/>also<br\/>EP000002044438B1<br\/>DE 10 2007 034 935 B4<br\/>US020100015656A1<br\/>JP002009544947A<br\/>WO002008011876A3<\/li>\n<\/ul>\n\n\n\n<div class=\"wp-block-group is-nowrap is-layout-flex wp-container-core-group-is-layout-fa44616a wp-block-group-is-layout-flex\" style=\"margin-top:0;margin-bottom:0;padding-top:var(--wp--preset--spacing--superbspacing-small);padding-bottom:0\"><div class=\"wp-block-image\">\n<figure class=\"aligncenter size-large is-resized has-custom-border\"><img loading=\"lazy\" decoding=\"async\" width=\"1024\" height=\"681\" src=\"https:\/\/biomed-center.com\/wp-content\/uploads\/2018\/11\/mt_connect_2018_summit_6773_kev-1024x681.jpg\" alt=\"MT-CONNECT 2018\" class=\"wp-image-319\" style=\"border-radius:50%;aspect-ratio:1.0389610389610389;width:226px;height:auto\" srcset=\"https:\/\/biomed-center.com\/wp-content\/uploads\/2018\/11\/mt_connect_2018_summit_6773_kev-1024x681.jpg 1024w, https:\/\/biomed-center.com\/wp-content\/uploads\/2018\/11\/mt_connect_2018_summit_6773_kev-300x200.jpg 300w, https:\/\/biomed-center.com\/wp-content\/uploads\/2018\/11\/mt_connect_2018_summit_6773_kev-768x511.jpg 768w\" sizes=\"auto, (max-width: 1024px) 100vw, 1024px\" \/><\/figure><\/div>\n\n\n<div class=\"wp-block-group is-vertical is-content-justification-left is-layout-flex wp-container-core-group-is-layout-2d9eb4c3 wp-block-group-is-layout-flex\">\n<h2 class=\"wp-block-heading has-text-align-left has-contrast-color has-text-color has-superbfont-xsmall-font-size\">Advancing Science<\/h2>\n\n\n\n<p class=\"has-text-align-left has-secondary-color has-text-color has-superbfont-xxsmall-font-size\">-We support Open Access<\/p>\n<\/div>\n<\/div>\n<\/div><\/div>\n<\/div>\n<p><!-- \/wp:post-content --><\/p>\n<style class=\"advgb-styles-renderer\">.kb-table-of-content-nav.kb-table-of-content-id1836_9a4c93-60 .kb-table-of-content-wrap{padding-top:var(--global-kb-spacing-sm, 1.5rem);padding-right:var(--global-kb-spacing-sm, 1.5rem);padding-bottom:var(--global-kb-spacing-sm, 1.5rem);padding-left:var(--global-kb-spacing-sm, 1.5rem);}.kb-table-of-content-nav.kb-table-of-content-id1836_9a4c93-60 .kb-table-of-contents-title-wrap{padding-top:0px;padding-right:0px;padding-bottom:0px;padding-left:0px;}.kb-table-of-content-nav.kb-table-of-content-id1836_9a4c93-60 .kb-table-of-contents-title{font-weight:regular;font-style:normal;}.kb-table-of-content-nav.kb-table-of-content-id1836_9a4c93-60 .kb-table-of-content-wrap .kb-table-of-content-list{font-weight:regular;font-style:normal;margin-top:var(--global-kb-spacing-sm, 1.5rem);margin-right:0px;margin-bottom:0px;margin-left:0px;}<\/style>","protected":false},"excerpt":{"rendered":"<p>Scientific publications Peer-reviewed articles in scientific journals Relevant publications from the preceeding institute &#8220;Friedrich-Baur-Institut f\u00fcr Biomaterialien&#8221; and other external publications that use our materials Patents Advancing Science -We support Open Access<\/p>\n","protected":false},"author":1,"featured_media":0,"parent":1864,"menu_order":0,"comment_status":"closed","ping_status":"closed","template":"","meta":{"advgb_blocks_editor_width":"","advgb_blocks_columns_visual_guide":"","_vp_format_video_url":"","_vp_image_focal_point":[],"footnotes":""},"class_list":["post-1868","page","type-page","status-publish","hentry"],"yoast_head":"<!-- This site is optimized with the Yoast SEO plugin v26.0 - https:\/\/yoast.com\/wordpress\/plugins\/seo\/ -->\n<title>Publikations - BioMed Center Innovation<\/title>\n<meta name=\"robots\" content=\"index, follow, max-snippet:-1, max-image-preview:large, max-video-preview:-1\" \/>\n<link rel=\"canonical\" href=\"https:\/\/biomed-center.com\/en\/research\/publikations\/\" \/>\n<meta property=\"og:locale\" content=\"en_US\" \/>\n<meta property=\"og:type\" content=\"article\" \/>\n<meta property=\"og:title\" content=\"Publikations - BioMed Center Innovation\" \/>\n<meta property=\"og:description\" content=\"Scientific publications Peer-reviewed articles in scientific journals Relevant publications from the preceeding institute &#8220;Friedrich-Baur-Institut f\u00fcr Biomaterialien&#8221; and other external publications that use our materials Patents Advancing Science -We support Open Access\" \/>\n<meta property=\"og:url\" content=\"https:\/\/biomed-center.com\/en\/research\/publikations\/\" \/>\n<meta property=\"og:site_name\" content=\"BioMed Center Innovation\" \/>\n<meta property=\"article:publisher\" content=\"https:\/\/www.facebook.com\/Biomed-Center-Innovation-gem-Gmbh-115780131933510\/\" \/>\n<meta property=\"article:modified_time\" content=\"2024-01-13T22:49:52+00:00\" \/>\n<meta property=\"og:image\" content=\"https:\/\/biomed-center.com\/wp-content\/uploads\/2018\/11\/mt_connect_2018_summit_6773_kev-1024x681.jpg\" \/>\n<meta name=\"twitter:card\" content=\"summary_large_image\" \/>\n<meta name=\"twitter:label1\" content=\"Est. reading time\" \/>\n\t<meta name=\"twitter:data1\" content=\"5 minutes\" \/>\n<script type=\"application\/ld+json\" class=\"yoast-schema-graph\">{\"@context\":\"https:\/\/schema.org\",\"@graph\":[{\"@type\":\"WebPage\",\"@id\":\"https:\/\/biomed-center.com\/en\/research\/publikations\/\",\"url\":\"https:\/\/biomed-center.com\/en\/research\/publikations\/\",\"name\":\"Publikations - BioMed Center Innovation\",\"isPartOf\":{\"@id\":\"https:\/\/biomed-center.com\/en\/#website\"},\"primaryImageOfPage\":{\"@id\":\"https:\/\/biomed-center.com\/en\/research\/publikations\/#primaryimage\"},\"image\":{\"@id\":\"https:\/\/biomed-center.com\/en\/research\/publikations\/#primaryimage\"},\"thumbnailUrl\":\"https:\/\/biomed-center.com\/wp-content\/uploads\/2018\/11\/mt_connect_2018_summit_6773_kev-1024x681.jpg\",\"datePublished\":\"2024-01-13T16:44:55+00:00\",\"dateModified\":\"2024-01-13T22:49:52+00:00\",\"breadcrumb\":{\"@id\":\"https:\/\/biomed-center.com\/en\/research\/publikations\/#breadcrumb\"},\"inLanguage\":\"en-US\",\"potentialAction\":[{\"@type\":\"ReadAction\",\"target\":[\"https:\/\/biomed-center.com\/en\/research\/publikations\/\"]}]},{\"@type\":\"ImageObject\",\"inLanguage\":\"en-US\",\"@id\":\"https:\/\/biomed-center.com\/en\/research\/publikations\/#primaryimage\",\"url\":\"https:\/\/biomed-center.com\/wp-content\/uploads\/2018\/11\/mt_connect_2018_summit_6773_kev-1024x681.jpg\",\"contentUrl\":\"https:\/\/biomed-center.com\/wp-content\/uploads\/2018\/11\/mt_connect_2018_summit_6773_kev-1024x681.jpg\"},{\"@type\":\"BreadcrumbList\",\"@id\":\"https:\/\/biomed-center.com\/en\/research\/publikations\/#breadcrumb\",\"itemListElement\":[{\"@type\":\"ListItem\",\"position\":1,\"name\":\"Startseite\",\"item\":\"https:\/\/biomed-center.com\/en\/\"},{\"@type\":\"ListItem\",\"position\":2,\"name\":\"Research\",\"item\":\"https:\/\/biomed-center.com\/en\/research\/\"},{\"@type\":\"ListItem\",\"position\":3,\"name\":\"Publikations\"}]},{\"@type\":\"WebSite\",\"@id\":\"https:\/\/biomed-center.com\/en\/#website\",\"url\":\"https:\/\/biomed-center.com\/en\/\",\"name\":\"BioMed Center Innovation\",\"description\":\"We research for your health\",\"publisher\":{\"@id\":\"https:\/\/biomed-center.com\/en\/#organization\"},\"potentialAction\":[{\"@type\":\"SearchAction\",\"target\":{\"@type\":\"EntryPoint\",\"urlTemplate\":\"https:\/\/biomed-center.com\/en\/?s={search_term_string}\"},\"query-input\":{\"@type\":\"PropertyValueSpecification\",\"valueRequired\":true,\"valueName\":\"search_term_string\"}}],\"inLanguage\":\"en-US\"},{\"@type\":\"Organization\",\"@id\":\"https:\/\/biomed-center.com\/en\/#organization\",\"name\":\"BioMed Center Innovation gGmbH\",\"url\":\"https:\/\/biomed-center.com\/en\/\",\"logo\":{\"@type\":\"ImageObject\",\"inLanguage\":\"en-US\",\"@id\":\"https:\/\/biomed-center.com\/en\/#\/schema\/logo\/image\/\",\"url\":\"https:\/\/i2.wp.com\/biomed-center.com\/wp-content\/uploads\/2020\/10\/BioMed_Center_Innovation_Logo.png?fit=697%2C327&ssl=1\",\"contentUrl\":\"https:\/\/i2.wp.com\/biomed-center.com\/wp-content\/uploads\/2020\/10\/BioMed_Center_Innovation_Logo.png?fit=697%2C327&ssl=1\",\"width\":697,\"height\":327,\"caption\":\"BioMed Center Innovation gGmbH\"},\"image\":{\"@id\":\"https:\/\/biomed-center.com\/en\/#\/schema\/logo\/image\/\"},\"sameAs\":[\"https:\/\/www.facebook.com\/Biomed-Center-Innovation-gem-Gmbh-115780131933510\/\",\"https:\/\/www.instagram.com\/biomed_center_innovation\/\",\"https:\/\/www.youtube.com\/user\/FBBioMedCenter\"]}]}<\/script>\n<!-- \/ Yoast SEO plugin. -->","yoast_head_json":{"title":"Publikations - BioMed Center Innovation","robots":{"index":"index","follow":"follow","max-snippet":"max-snippet:-1","max-image-preview":"max-image-preview:large","max-video-preview":"max-video-preview:-1"},"canonical":"https:\/\/biomed-center.com\/en\/research\/publikations\/","og_locale":"en_US","og_type":"article","og_title":"Publikations - BioMed Center Innovation","og_description":"Scientific publications Peer-reviewed articles in scientific journals Relevant publications from the preceeding institute &#8220;Friedrich-Baur-Institut f\u00fcr Biomaterialien&#8221; and other external publications that use our materials Patents Advancing Science -We support Open Access","og_url":"https:\/\/biomed-center.com\/en\/research\/publikations\/","og_site_name":"BioMed Center Innovation","article_publisher":"https:\/\/www.facebook.com\/Biomed-Center-Innovation-gem-Gmbh-115780131933510\/","article_modified_time":"2024-01-13T22:49:52+00:00","og_image":[{"url":"https:\/\/biomed-center.com\/wp-content\/uploads\/2018\/11\/mt_connect_2018_summit_6773_kev-1024x681.jpg","type":"","width":"","height":""}],"twitter_card":"summary_large_image","twitter_misc":{"Est. reading time":"5 minutes"},"schema":{"@context":"https:\/\/schema.org","@graph":[{"@type":"WebPage","@id":"https:\/\/biomed-center.com\/en\/research\/publikations\/","url":"https:\/\/biomed-center.com\/en\/research\/publikations\/","name":"Publikations - BioMed Center Innovation","isPartOf":{"@id":"https:\/\/biomed-center.com\/en\/#website"},"primaryImageOfPage":{"@id":"https:\/\/biomed-center.com\/en\/research\/publikations\/#primaryimage"},"image":{"@id":"https:\/\/biomed-center.com\/en\/research\/publikations\/#primaryimage"},"thumbnailUrl":"https:\/\/biomed-center.com\/wp-content\/uploads\/2018\/11\/mt_connect_2018_summit_6773_kev-1024x681.jpg","datePublished":"2024-01-13T16:44:55+00:00","dateModified":"2024-01-13T22:49:52+00:00","breadcrumb":{"@id":"https:\/\/biomed-center.com\/en\/research\/publikations\/#breadcrumb"},"inLanguage":"en-US","potentialAction":[{"@type":"ReadAction","target":["https:\/\/biomed-center.com\/en\/research\/publikations\/"]}]},{"@type":"ImageObject","inLanguage":"en-US","@id":"https:\/\/biomed-center.com\/en\/research\/publikations\/#primaryimage","url":"https:\/\/biomed-center.com\/wp-content\/uploads\/2018\/11\/mt_connect_2018_summit_6773_kev-1024x681.jpg","contentUrl":"https:\/\/biomed-center.com\/wp-content\/uploads\/2018\/11\/mt_connect_2018_summit_6773_kev-1024x681.jpg"},{"@type":"BreadcrumbList","@id":"https:\/\/biomed-center.com\/en\/research\/publikations\/#breadcrumb","itemListElement":[{"@type":"ListItem","position":1,"name":"Startseite","item":"https:\/\/biomed-center.com\/en\/"},{"@type":"ListItem","position":2,"name":"Research","item":"https:\/\/biomed-center.com\/en\/research\/"},{"@type":"ListItem","position":3,"name":"Publikations"}]},{"@type":"WebSite","@id":"https:\/\/biomed-center.com\/en\/#website","url":"https:\/\/biomed-center.com\/en\/","name":"BioMed Center Innovation","description":"We research for your health","publisher":{"@id":"https:\/\/biomed-center.com\/en\/#organization"},"potentialAction":[{"@type":"SearchAction","target":{"@type":"EntryPoint","urlTemplate":"https:\/\/biomed-center.com\/en\/?s={search_term_string}"},"query-input":{"@type":"PropertyValueSpecification","valueRequired":true,"valueName":"search_term_string"}}],"inLanguage":"en-US"},{"@type":"Organization","@id":"https:\/\/biomed-center.com\/en\/#organization","name":"BioMed Center Innovation gGmbH","url":"https:\/\/biomed-center.com\/en\/","logo":{"@type":"ImageObject","inLanguage":"en-US","@id":"https:\/\/biomed-center.com\/en\/#\/schema\/logo\/image\/","url":"https:\/\/i2.wp.com\/biomed-center.com\/wp-content\/uploads\/2020\/10\/BioMed_Center_Innovation_Logo.png?fit=697%2C327&ssl=1","contentUrl":"https:\/\/i2.wp.com\/biomed-center.com\/wp-content\/uploads\/2020\/10\/BioMed_Center_Innovation_Logo.png?fit=697%2C327&ssl=1","width":697,"height":327,"caption":"BioMed Center Innovation gGmbH"},"image":{"@id":"https:\/\/biomed-center.com\/en\/#\/schema\/logo\/image\/"},"sameAs":["https:\/\/www.facebook.com\/Biomed-Center-Innovation-gem-Gmbh-115780131933510\/","https:\/\/www.instagram.com\/biomed_center_innovation\/","https:\/\/www.youtube.com\/user\/FBBioMedCenter"]}]}},"coauthors":[],"author_meta":{"author_link":"https:\/\/biomed-center.com\/en\/author\/biomed-88-wpadmin\/","display_name":"BioMed-WPAdmin"},"relative_dates":{"created":"Posted 2 years ago","modified":"Updated 2 years ago"},"absolute_dates":{"created":"Posted on 13.01.2024","modified":"Updated on 13.01.2024"},"absolute_dates_time":{"created":"Posted on 13.01.2024 17:44","modified":"Updated on 13.01.2024 23:49"},"featured_img_caption":"","featured_img":false,"series_order":"","_links":{"self":[{"href":"https:\/\/biomed-center.com\/en\/wp-json\/wp\/v2\/pages\/1868","targetHints":{"allow":["GET"]}}],"collection":[{"href":"https:\/\/biomed-center.com\/en\/wp-json\/wp\/v2\/pages"}],"about":[{"href":"https:\/\/biomed-center.com\/en\/wp-json\/wp\/v2\/types\/page"}],"author":[{"embeddable":true,"href":"https:\/\/biomed-center.com\/en\/wp-json\/wp\/v2\/users\/1"}],"replies":[{"embeddable":true,"href":"https:\/\/biomed-center.com\/en\/wp-json\/wp\/v2\/comments?post=1868"}],"version-history":[{"count":3,"href":"https:\/\/biomed-center.com\/en\/wp-json\/wp\/v2\/pages\/1868\/revisions"}],"predecessor-version":[{"id":1871,"href":"https:\/\/biomed-center.com\/en\/wp-json\/wp\/v2\/pages\/1868\/revisions\/1871"}],"up":[{"embeddable":true,"href":"https:\/\/biomed-center.com\/en\/wp-json\/wp\/v2\/pages\/1864"}],"wp:attachment":[{"href":"https:\/\/biomed-center.com\/en\/wp-json\/wp\/v2\/media?parent=1868"}],"curies":[{"name":"wp","href":"https:\/\/api.w.org\/{rel}","templated":true}]}}